{"id":149,"date":"2016-03-10T12:02:50","date_gmt":"2016-03-10T11:02:50","guid":{"rendered":"http:\/\/tc-marinedecking-mallorca.com\/en\/?page_id=149"},"modified":"2024-10-24T11:20:18","modified_gmt":"2024-10-24T09:20:18","slug":"how-it-works","status":"publish","type":"page","link":"https:\/\/tc-marinedecking-mallorca.com\/en\/how-it-works\/","title":{"rendered":"How it works"},"content":{"rendered":"<p>[et_pb_section fb_built=&#8221;1&#8243; fullwidth=&#8221;on&#8221; custom_padding_last_edited=&#8221;on|desktop&#8221; admin_label=&#8221;Slider&#8221; _builder_version=&#8221;4.16&#8243; background_color=&#8221;#ffffff&#8221; custom_padding_tablet=&#8221;50px|0|50px|0&#8243; custom_padding_phone=&#8221;&#8221; transparent_background=&#8221;off&#8221; padding_mobile=&#8221;off&#8221; make_fullwidth=&#8221;off&#8221; use_custom_width=&#8221;off&#8221; width_unit=&#8221;on&#8221; global_colors_info=&#8221;{}&#8221;][et_pb_fullwidth_header title=&#8221;How it works&#8221; text_orientation=&#8221;center&#8221; admin_label=&#8221;How it works&#8221; _builder_version=&#8221;4.16&#8243; title_font=&#8221;|on|||&#8221; title_text_color=&#8221;#ffffff&#8221; subhead_text_color=&#8221;#ffffff&#8221; background_color=&#8221;#123274&#8243; max_width_tablet=&#8221;50px&#8221; global_colors_info=&#8221;{}&#8221; button_one_text_size__hover_enabled=&#8221;off&#8221; button_two_text_size__hover_enabled=&#8221;off&#8221; button_one_text_color__hover_enabled=&#8221;off&#8221; button_two_text_color__hover_enabled=&#8221;off&#8221; button_one_border_width__hover_enabled=&#8221;off&#8221; button_two_border_width__hover_enabled=&#8221;off&#8221; button_one_border_color__hover_enabled=&#8221;off&#8221; button_two_border_color__hover_enabled=&#8221;off&#8221; button_one_border_radius__hover_enabled=&#8221;off&#8221; button_two_border_radius__hover_enabled=&#8221;off&#8221; button_one_letter_spacing__hover_enabled=&#8221;off&#8221; button_two_letter_spacing__hover_enabled=&#8221;off&#8221; button_one_bg_color__hover_enabled=&#8221;off&#8221; button_two_bg_color__hover_enabled=&#8221;off&#8221;]&nbsp;<\/p>\n<p>The Teak deck is a wonderful alternative for real wood flooring. At TC Marinedecking, we have almost unlimited possibilities for laying a synthetic teak deck, for which you have several colour combinations to choose from. You can choose between these two types of installations:<\/p>\n<p>&nbsp;<br \/>\n[\/et_pb_fullwidth_header][\/et_pb_section][et_pb_section fb_built=&#8221;1&#8243; specialty=&#8221;on&#8221; _builder_version=&#8221;4.16&#8243; global_colors_info=&#8221;{}&#8221;][et_pb_column type=&#8221;2_3&#8243; specialty_columns=&#8221;2&#8243; _builder_version=&#8221;4.16&#8243; custom_padding=&#8221;|||&#8221; global_colors_info=&#8221;{}&#8221; custom_padding__hover=&#8221;|||&#8221;][et_pb_row_inner admin_label=&#8221;Zeile&#8221; _builder_version=&#8221;4.16&#8243; global_colors_info=&#8221;{}&#8221; column_structure=&#8221;1_2,1_2&#8243;][et_pb_column_inner type=&#8221;1_2&#8243; saved_specialty_column_type=&#8221;2_3&#8243; _builder_version=&#8221;4.16&#8243; custom_padding=&#8221;|||&#8221; global_colors_info=&#8221;{}&#8221; custom_padding__hover=&#8221;|||&#8221;][et_pb_text admin_label=&#8221;The self-assembly deck&#8221; _builder_version=&#8221;4.16&#8243; background_size=&#8221;initial&#8221; background_position=&#8221;top_left&#8221; background_repeat=&#8221;repeat&#8221; use_border_color=&#8221;off&#8221; border_color=&#8221;#ffffff&#8221; border_style=&#8221;solid&#8221; global_colors_info=&#8221;{}&#8221;]&nbsp;<\/p>\n<h1>The self-assembly deck<\/h1>\n<p>&nbsp;<br \/>\n[\/et_pb_text][et_pb_image src=&#8221;https:\/\/tc-marinedecking-mallorca.com\/wp-content\/uploads\/2016\/03\/tc-marinedecking-easy-tek-schritte-01.jpg&#8221; align_tablet=&#8221;center&#8221; align_last_edited=&#8221;on|desktop&#8221; _builder_version=&#8221;4.16&#8243; use_border_color=&#8221;off&#8221; border_color=&#8221;#ffffff&#8221; border_style=&#8221;solid&#8221; animation=&#8221;off&#8221; sticky=&#8221;off&#8221; always_center_on_mobile=&#8221;on&#8221; global_colors_info=&#8221;{}&#8221; align_phone=&#8221;center&#8221;][\/et_pb_image][et_pb_blurb title=&#8221;Step 1&#8243; use_icon=&#8221;on&#8221; font_icon=&#8221;&#xe046;||divi||400&#8243; icon_color=&#8221;#123274&#8243; icon_placement=&#8221;left&#8221; admin_label=&#8221;Step 1&#8243; _builder_version=&#8221;4.16&#8243; background_size=&#8221;initial&#8221; background_position=&#8221;top_left&#8221; background_repeat=&#8221;repeat&#8221; animation=&#8221;off&#8221; use_border_color=&#8221;off&#8221; border_color=&#8221;#ffffff&#8221; border_style=&#8221;solid&#8221; image_max_width=&#8221;none&#8221; use_circle=&#8221;off&#8221; use_circle_border=&#8221;off&#8221; circle_border_color=&#8221;#8e634a&#8221; circle_color=&#8221;#8e634a&#8221; global_colors_info=&#8221;{}&#8221;]You create a template of your deck or you can have one made by us. Marinedecking S.L. provides you with the required material for free and is happy to advise you.<br \/>\n[\/et_pb_blurb][et_pb_blurb title=&#8221;Step 2&#8243; use_icon=&#8221;on&#8221; font_icon=&#8221;&#xe046;||divi||400&#8243; icon_color=&#8221;#123274&#8243; icon_placement=&#8221;left&#8221; admin_label=&#8221;Step 2&#8243; _builder_version=&#8221;4.16&#8243; background_size=&#8221;initial&#8221; background_position=&#8221;top_left&#8221; background_repeat=&#8221;repeat&#8221; animation=&#8221;off&#8221; use_border_color=&#8221;off&#8221; border_color=&#8221;#ffffff&#8221; border_style=&#8221;solid&#8221; image_max_width=&#8221;none&#8221; use_circle=&#8221;off&#8221; use_circle_border=&#8221;off&#8221; circle_border_color=&#8221;#8e634a&#8221; circle_color=&#8221;#8e634a&#8221; global_colors_info=&#8221;{}&#8221;]We make the entire deck according to your template.<br \/>\n[\/et_pb_blurb][et_pb_blurb title=&#8221;Step 3&#8243; use_icon=&#8221;on&#8221; font_icon=&#8221;&#xe046;||divi||400&#8243; icon_color=&#8221;#123274&#8243; icon_placement=&#8221;left&#8221; admin_label=&#8221;Step 3&#8243; _builder_version=&#8221;4.16&#8243; background_size=&#8221;initial&#8221; background_position=&#8221;top_left&#8221; background_repeat=&#8221;repeat&#8221; max_width_tablet=&#8221;50px&#8221; animation=&#8221;off&#8221; use_border_color=&#8221;off&#8221; global_colors_info=&#8221;{}&#8221;]You lay the deck we made on your yacht, your patio, or even in your home.<br \/>\n[\/et_pb_blurb][\/et_pb_column_inner][et_pb_column_inner type=&#8221;1_2&#8243; saved_specialty_column_type=&#8221;2_3&#8243; _builder_version=&#8221;4.16&#8243; custom_padding=&#8221;|||&#8221; global_colors_info=&#8221;{}&#8221; custom_padding__hover=&#8221;|||&#8221;][et_pb_text admin_label=&#8221;complete service&#8221; _builder_version=&#8221;4.16&#8243; background_size=&#8221;initial&#8221; background_position=&#8221;top_left&#8221; background_repeat=&#8221;repeat&#8221; hover_enabled=&#8221;0&#8243; use_border_color=&#8221;off&#8221; border_color=&#8221;#ffffff&#8221; border_style=&#8221;solid&#8221; global_colors_info=&#8221;{}&#8221; sticky_enabled=&#8221;0&#8243;]&nbsp;<\/p>\n<h1>The deck with our complete service<\/h1>\n<p>&nbsp;<br \/>\n[\/et_pb_text][et_pb_image src=&#8221;https:\/\/tc-marinedecking-mallorca.com\/wp-content\/uploads\/2016\/03\/tc-marinedecking-easy-tek-schritte-02.jpg&#8221; align_tablet=&#8221;center&#8221; align_last_edited=&#8221;on|desktop&#8221; _builder_version=&#8221;4.16&#8243; use_border_color=&#8221;off&#8221; border_color=&#8221;#ffffff&#8221; border_style=&#8221;solid&#8221; animation=&#8221;off&#8221; sticky=&#8221;off&#8221; always_center_on_mobile=&#8221;on&#8221; global_colors_info=&#8221;{}&#8221; align_phone=&#8221;center&#8221;][\/et_pb_image][et_pb_blurb title=&#8221;Step 1&#8243; use_icon=&#8221;on&#8221; font_icon=&#8221;&#xe046;||divi||400&#8243; icon_color=&#8221;#123274&#8243; icon_placement=&#8221;left&#8221; admin_label=&#8221;Step 1&#8243; _builder_version=&#8221;4.16&#8243; background_size=&#8221;initial&#8221; background_position=&#8221;top_left&#8221; background_repeat=&#8221;repeat&#8221; animation=&#8221;off&#8221; use_border_color=&#8221;off&#8221; border_color=&#8221;#ffffff&#8221; border_style=&#8221;solid&#8221; image_max_width=&#8221;none&#8221; use_circle=&#8221;off&#8221; use_circle_border=&#8221;off&#8221; circle_border_color=&#8221;#8e634a&#8221; circle_color=&#8221;#8e634a&#8221; global_colors_info=&#8221;{}&#8221;]We come directly to you to measure the area where it is to be laid and make you an offer that is tailored to your requirements.<br \/>\n[\/et_pb_blurb][et_pb_blurb title=&#8221;Step 2&#8243; use_icon=&#8221;on&#8221; font_icon=&#8221;&#xe046;||divi||400&#8243; icon_color=&#8221;#123274&#8243; icon_placement=&#8221;left&#8221; admin_label=&#8221;Step 2&#8243; _builder_version=&#8221;4.16&#8243; background_size=&#8221;initial&#8221; background_position=&#8221;top_left&#8221; background_repeat=&#8221;repeat&#8221; animation=&#8221;off&#8221; use_border_color=&#8221;off&#8221; border_color=&#8221;#ffffff&#8221; border_style=&#8221;solid&#8221; image_max_width=&#8221;none&#8221; use_circle=&#8221;off&#8221; use_circle_border=&#8221;off&#8221; circle_border_color=&#8221;#8e634a&#8221; circle_color=&#8221;#8e634a&#8221; global_colors_info=&#8221;{}&#8221;]On the basis of our measurements and your customised design we build the template.<br \/>\n[\/et_pb_blurb][et_pb_blurb title=&#8221;Step 3&#8243; use_icon=&#8221;on&#8221; font_icon=&#8221;&#xe046;||divi||400&#8243; icon_color=&#8221;#123274&#8243; icon_placement=&#8221;left&#8221; admin_label=&#8221;Step 3&#8243; _builder_version=&#8221;4.16&#8243; background_size=&#8221;initial&#8221; background_position=&#8221;top_left&#8221; background_repeat=&#8221;repeat&#8221; max_width_tablet=&#8221;50px&#8221; animation=&#8221;off&#8221; use_border_color=&#8221;off&#8221; global_colors_info=&#8221;{}&#8221;]At an agreed date, we come to you to lay the deck.<br \/>\n[\/et_pb_blurb][\/et_pb_column_inner][\/et_pb_row_inner][et_pb_row_inner admin_label=&#8221;Zeile&#8221; _builder_version=&#8221;4.16&#8243; global_colors_info=&#8221;{}&#8221;][et_pb_column_inner saved_specialty_column_type=&#8221;2_3&#8243; _builder_version=&#8221;4.16&#8243; custom_padding=&#8221;|||&#8221; global_colors_info=&#8221;{}&#8221; custom_padding__hover=&#8221;|||&#8221;][et_pb_button button_url=&#8221;https:\/\/tc-marinedecking-mallorca.com\/en\/contact\/&#8221; button_text=&#8221;Request a non-binding offer now!&#8221; button_alignment=&#8221;center&#8221; admin_label=&#8221;Request a non-binding offer now!&#8221; _builder_version=&#8221;4.16&#8243; custom_button=&#8221;on&#8221; button_text_color=&#8221;#ffffff&#8221; button_bg_color=&#8221;#123274&#8243; button_border_width=&#8221;0&#8243; background_layout=&#8221;dark&#8221; button_border_radius_hover=&#8221;0&#8243; button_letter_spacing_hover=&#8221;0&#8243; button_bg_color_hover=&#8221;#8e634a&#8221; saved_tabs=&#8221;all&#8221; global_colors_info=&#8221;{}&#8221; button_text_size__hover_enabled=&#8221;off&#8221; button_one_text_size__hover_enabled=&#8221;off&#8221; button_two_text_size__hover_enabled=&#8221;off&#8221; button_text_color__hover_enabled=&#8221;off&#8221; button_one_text_color__hover_enabled=&#8221;off&#8221; button_two_text_color__hover_enabled=&#8221;off&#8221; button_border_width__hover_enabled=&#8221;off&#8221; button_one_border_width__hover_enabled=&#8221;off&#8221; button_two_border_width__hover_enabled=&#8221;off&#8221; button_border_color__hover_enabled=&#8221;off&#8221; button_one_border_color__hover_enabled=&#8221;off&#8221; button_two_border_color__hover_enabled=&#8221;off&#8221; button_border_radius__hover_enabled=&#8221;on&#8221; button_border_radius__hover=&#8221;0&#8243; button_one_border_radius__hover_enabled=&#8221;off&#8221; button_two_border_radius__hover_enabled=&#8221;off&#8221; button_letter_spacing__hover_enabled=&#8221;on&#8221; button_letter_spacing__hover=&#8221;0&#8243; button_one_letter_spacing__hover_enabled=&#8221;off&#8221; button_two_letter_spacing__hover_enabled=&#8221;off&#8221; button_bg_color__hover_enabled=&#8221;on&#8221; button_bg_color__hover=&#8221;#8e634a&#8221; button_one_bg_color__hover_enabled=&#8221;off&#8221; button_two_bg_color__hover_enabled=&#8221;off&#8221;][\/et_pb_button][\/et_pb_column_inner][\/et_pb_row_inner][\/et_pb_column][et_pb_column type=&#8221;1_3&#8243; _builder_version=&#8221;4.16&#8243; custom_padding=&#8221;|||&#8221; global_colors_info=&#8221;{}&#8221; custom_padding__hover=&#8221;|||&#8221;][et_pb_sidebar orientation=&#8221;right&#8221; area=&#8221;sidebar-1&#8243; disabled_on=&#8221;on||&#8221; admin_label=&#8221;Sidebar&#8221; _builder_version=&#8221;4.16&#8243; header_text_color=&#8221;#8e634a&#8221; body_font=&#8221;Open Sans||||&#8221; body_text_color=&#8221;#123274&#8243; remove_border=&#8221;off&#8221; saved_tabs=&#8221;all&#8221; global_colors_info=&#8221;{}&#8221;][\/et_pb_sidebar][\/et_pb_column][\/et_pb_section]<\/p>\n","protected":false},"excerpt":{"rendered":"<p>&nbsp; The Teak deck is a wonderful alternative for real wood flooring. At TC Marinedecking, we have almost unlimited possibilities for laying a synthetic teak deck, for which you have several colour combinations to choose from. You can choose between these two types of installations: &nbsp; &nbsp; The self-assembly deck &nbsp; You create a template [&hellip;]<\/p>\n","protected":false},"author":1,"featured_media":0,"parent":0,"menu_order":0,"comment_status":"closed","ping_status":"open","template":"","meta":{"_et_pb_use_builder":"on","_et_pb_old_content":"<p>Dies ist eine Beispiel-Seite. Sie unterscheidet sich von Beitr\u00e4gen, weil sie stets an der selben Stelle bleibt und (bei den meisten Themes) in der Navigationsleiste angezeigt wird. Die meisten Leute starten mit einer \u201e\u00dcber uns\u201c-Seite mit einer Vorstellung f\u00fcr m\u00f6gliche Besucher der Website. Dort k\u00f6nnte zum Beispiel stehen:<\/p><blockquote><p>Hallo! Tags\u00fcber arbeite ich als Fahrradkurier, nachts bin ich ein aufstrebender Schauspieler und dies hier ist mein Blog. Ich lebe in Berlin, habe einen gro\u00dfen Hund namens Jack, mag die Fantastischen Vier\u00a0und ein k\u00fchles Bier.<\/p><\/blockquote><p>Als neuer WordPress-Anwender solltest du das <a href=\"https:\/\/tc-marinedecking-mallorca.com\/wp-admin\/\">Dashboard<\/a> aufrufen, um diese Seite zu l\u00f6schen und statt dessen eine neue Seite mit deinem eigenen Inhalt erstellen. Viel Spa\u00df!<\/p>","_et_gb_content_width":"","footnotes":""},"class_list":["post-149","page","type-page","status-publish","hentry"],"yoast_head":"<!-- This site is optimized with the Yoast SEO plugin v26.2 - https:\/\/yoast.com\/wordpress\/plugins\/seo\/ -->\n<title>How it works | Marinedecking on Mallorca<\/title>\n<meta name=\"description\" content=\"We at Marinedecking on Mallorca can offer you the teak deck for self-assembly or the deck with our full service. Feel free to contact us.\" \/>\n<meta name=\"robots\" content=\"index, follow, max-snippet:-1, max-image-preview:large, max-video-preview:-1\" \/>\n<link rel=\"canonical\" href=\"https:\/\/tc-marinedecking-mallorca.com\/en\/how-it-works\/\" \/>\n<meta property=\"og:locale\" content=\"en_US\" \/>\n<meta property=\"og:type\" content=\"article\" \/>\n<meta property=\"og:title\" content=\"How it works | Marinedecking on Mallorca\" \/>\n<meta property=\"og:description\" content=\"We at Marinedecking on Mallorca can offer you the teak deck for self-assembly or the deck with our full service. Feel free to contact us.\" \/>\n<meta property=\"og:url\" content=\"https:\/\/tc-marinedecking-mallorca.com\/en\/how-it-works\/\" \/>\n<meta property=\"og:site_name\" content=\"Marinedecking Mallorca\" \/>\n<meta property=\"article:modified_time\" content=\"2024-10-24T09:20:18+00:00\" \/>\n<meta name=\"twitter:card\" content=\"summary_large_image\" \/>\n<meta name=\"twitter:label1\" content=\"Est. reading time\" \/>\n\t<meta name=\"twitter:data1\" content=\"2 minutes\" \/>\n<script type=\"application\/ld+json\" class=\"yoast-schema-graph\">{\"@context\":\"https:\/\/schema.org\",\"@graph\":[{\"@type\":\"WebPage\",\"@id\":\"https:\/\/tc-marinedecking-mallorca.com\/en\/how-it-works\/\",\"url\":\"https:\/\/tc-marinedecking-mallorca.com\/en\/how-it-works\/\",\"name\":\"How it works | Marinedecking on Mallorca\",\"isPartOf\":{\"@id\":\"https:\/\/tc-marinedecking-mallorca.com\/#website\"},\"datePublished\":\"2016-03-10T11:02:50+00:00\",\"dateModified\":\"2024-10-24T09:20:18+00:00\",\"description\":\"We at Marinedecking on Mallorca can offer you the teak deck for self-assembly or the deck with our full service. Feel free to contact us.\",\"breadcrumb\":{\"@id\":\"https:\/\/tc-marinedecking-mallorca.com\/en\/how-it-works\/#breadcrumb\"},\"inLanguage\":\"en-US\",\"potentialAction\":[{\"@type\":\"ReadAction\",\"target\":[\"https:\/\/tc-marinedecking-mallorca.com\/en\/how-it-works\/\"]}]},{\"@type\":\"BreadcrumbList\",\"@id\":\"https:\/\/tc-marinedecking-mallorca.com\/en\/how-it-works\/#breadcrumb\",\"itemListElement\":[{\"@type\":\"ListItem\",\"position\":1,\"name\":\"Home\",\"item\":\"https:\/\/tc-marinedecking-mallorca.com\/en\/\"},{\"@type\":\"ListItem\",\"position\":2,\"name\":\"How it works\"}]},{\"@type\":\"WebSite\",\"@id\":\"https:\/\/tc-marinedecking-mallorca.com\/#website\",\"url\":\"https:\/\/tc-marinedecking-mallorca.com\/\",\"name\":\"Marinedecking Mallorca\",\"description\":\"Flexiteek | The synthetic teak deck\",\"potentialAction\":[{\"@type\":\"SearchAction\",\"target\":{\"@type\":\"EntryPoint\",\"urlTemplate\":\"https:\/\/tc-marinedecking-mallorca.com\/?s={search_term_string}\"},\"query-input\":{\"@type\":\"PropertyValueSpecification\",\"valueRequired\":true,\"valueName\":\"search_term_string\"}}],\"inLanguage\":\"en-US\"}]}<\/script>\n<!-- \/ Yoast SEO plugin. -->","yoast_head_json":{"title":"How it works | Marinedecking on Mallorca","description":"We at Marinedecking on Mallorca can offer you the teak deck for self-assembly or the deck with our full service. Feel free to contact us.","robots":{"index":"index","follow":"follow","max-snippet":"max-snippet:-1","max-image-preview":"max-image-preview:large","max-video-preview":"max-video-preview:-1"},"canonical":"https:\/\/tc-marinedecking-mallorca.com\/en\/how-it-works\/","og_locale":"en_US","og_type":"article","og_title":"How it works | Marinedecking on Mallorca","og_description":"We at Marinedecking on Mallorca can offer you the teak deck for self-assembly or the deck with our full service. Feel free to contact us.","og_url":"https:\/\/tc-marinedecking-mallorca.com\/en\/how-it-works\/","og_site_name":"Marinedecking Mallorca","article_modified_time":"2024-10-24T09:20:18+00:00","twitter_card":"summary_large_image","twitter_misc":{"Est. reading time":"2 minutes"},"schema":{"@context":"https:\/\/schema.org","@graph":[{"@type":"WebPage","@id":"https:\/\/tc-marinedecking-mallorca.com\/en\/how-it-works\/","url":"https:\/\/tc-marinedecking-mallorca.com\/en\/how-it-works\/","name":"How it works | Marinedecking on Mallorca","isPartOf":{"@id":"https:\/\/tc-marinedecking-mallorca.com\/#website"},"datePublished":"2016-03-10T11:02:50+00:00","dateModified":"2024-10-24T09:20:18+00:00","description":"We at Marinedecking on Mallorca can offer you the teak deck for self-assembly or the deck with our full service. Feel free to contact us.","breadcrumb":{"@id":"https:\/\/tc-marinedecking-mallorca.com\/en\/how-it-works\/#breadcrumb"},"inLanguage":"en-US","potentialAction":[{"@type":"ReadAction","target":["https:\/\/tc-marinedecking-mallorca.com\/en\/how-it-works\/"]}]},{"@type":"BreadcrumbList","@id":"https:\/\/tc-marinedecking-mallorca.com\/en\/how-it-works\/#breadcrumb","itemListElement":[{"@type":"ListItem","position":1,"name":"Home","item":"https:\/\/tc-marinedecking-mallorca.com\/en\/"},{"@type":"ListItem","position":2,"name":"How it works"}]},{"@type":"WebSite","@id":"https:\/\/tc-marinedecking-mallorca.com\/#website","url":"https:\/\/tc-marinedecking-mallorca.com\/","name":"Marinedecking Mallorca","description":"Flexiteek | The synthetic teak deck","potentialAction":[{"@type":"SearchAction","target":{"@type":"EntryPoint","urlTemplate":"https:\/\/tc-marinedecking-mallorca.com\/?s={search_term_string}"},"query-input":{"@type":"PropertyValueSpecification","valueRequired":true,"valueName":"search_term_string"}}],"inLanguage":"en-US"}]}},"_links":{"self":[{"href":"https:\/\/tc-marinedecking-mallorca.com\/en\/wp-json\/wp\/v2\/pages\/149","targetHints":{"allow":["GET"]}}],"collection":[{"href":"https:\/\/tc-marinedecking-mallorca.com\/en\/wp-json\/wp\/v2\/pages"}],"about":[{"href":"https:\/\/tc-marinedecking-mallorca.com\/en\/wp-json\/wp\/v2\/types\/page"}],"author":[{"embeddable":true,"href":"https:\/\/tc-marinedecking-mallorca.com\/en\/wp-json\/wp\/v2\/users\/1"}],"replies":[{"embeddable":true,"href":"https:\/\/tc-marinedecking-mallorca.com\/en\/wp-json\/wp\/v2\/comments?post=149"}],"version-history":[{"count":9,"href":"https:\/\/tc-marinedecking-mallorca.com\/en\/wp-json\/wp\/v2\/pages\/149\/revisions"}],"predecessor-version":[{"id":450,"href":"https:\/\/tc-marinedecking-mallorca.com\/en\/wp-json\/wp\/v2\/pages\/149\/revisions\/450"}],"wp:attachment":[{"href":"https:\/\/tc-marinedecking-mallorca.com\/en\/wp-json\/wp\/v2\/media?parent=149"}],"curies":[{"name":"wp","href":"https:\/\/api.w.org\/{rel}","templated":true}]}}