{"id":197,"date":"2018-06-18T13:02:34","date_gmt":"2018-06-18T11:02:34","guid":{"rendered":"https:\/\/tc-marinedecking-mallorca.com\/?page_id=197\/"},"modified":"2025-10-20T11:12:22","modified_gmt":"2025-10-20T09:12:22","slug":"imprint","status":"publish","type":"page","link":"https:\/\/tc-marinedecking-mallorca.com\/en\/imprint\/","title":{"rendered":"Imprint"},"content":{"rendered":"<p>[et_pb_section fb_built=&#8221;1&#8243; _builder_version=&#8221;4.16&#8243; global_colors_info=&#8221;{}&#8221;][et_pb_row _builder_version=&#8221;4.16&#8243; background_size=&#8221;initial&#8221; background_position=&#8221;top_left&#8221; background_repeat=&#8221;repeat&#8221; global_colors_info=&#8221;{}&#8221;][et_pb_column type=&#8221;4_4&#8243; _builder_version=&#8221;4.16&#8243; custom_padding=&#8221;|||&#8221; global_colors_info=&#8221;{}&#8221; custom_padding__hover=&#8221;|||&#8221;][et_pb_text admin_label=&#8221;Code&#8221; _builder_version=&#8221;4.27.2&#8243; _module_preset=&#8221;default&#8221; global_colors_info=&#8221;{}&#8221;]<\/p>\n<h1>Site Notice<\/h1>\n<p>Marco Sick<br \/>\nMarina Cala d&acute;Or Avd. Cala Llonga Porto Cari 2<br \/>\nLocal 2<br \/>\n07660 Cala d&oacute;r \/ Mallorca<\/p>\n<h2>Contact<\/h2>\n<p>Phone: +34 971 657 467<br \/>\nE-mail: info@marinedecking.de<\/p>\n<h2>VAT ID<\/h2>\n<p>Sales tax identification number according to Sect. 27 a of the Sales Tax Law:<br \/>\nES-Y5224992G<\/p>\n<h2>Dispute resolution proceedings in front of a consumer arbitration board<\/h2>\n<p>We are not willing or obliged to participate in dispute resolution proceedings in front of a consumer arbitration board.<\/p>\n<p>[\/et_pb_text][et_pb_text _builder_version=&#8221;4.27.2&#8243; hover_enabled=&#8221;0&#8243; global_colors_info=&#8221;{}&#8221; sticky_enabled=&#8221;0&#8243;]<\/p>\n<div class=\"et_pb_column et_pb_column_4_4 et_pb_column_1 et_pb_css_mix_blend_mode_passthrough et-last-child\">\n<div class=\"et_pb_text et_pb_module et_pb_bg_layout_light et_pb_text_align_left et_pb_text_1\">\n<div class=\"et_pb_text_inner\">\n<p><strong>Advertising &amp; Marketing<br \/><\/strong>Lebenswerk von Anna. GmbH<br \/>Anna-Lena Kr\u00fcger<strong><br \/><\/strong><a href=\"https:\/\/vonanna.de\/\" target=\"_blank\" rel=\"noopener\">https:\/\/vonanna.de\/<\/a><\/p>\n<p><span id=\"result_box\" class=\"\" lang=\"en\"><strong><span title=\"Nutzungsbedingungen \">Terms of Use<\/span><\/strong><\/span><br \/><span id=\"result_box\" class=\"\" lang=\"en\"><\/span><\/p>\n<\/div>\n<div class=\"et_pb_text_inner\">\n<p><span id=\"result_box\" class=\"\" lang=\"en\"><span title=\"Zugriff und Verwendung dieser Seite unterliegen den folgenden Nutzungsbedingungen und den darauf anwendbaren Gesetzen.\">Access and use of this site are subject to the following terms of use and applicable laws. <\/span><span title=\"Sie k\u00f6nnen diese Webseite zur privaten Nutzung und als Informationsquelle in Anspruch nehmen.\">You may use this website for private use and as a source of information. <\/span><span title=\"Ohne die ausdr\u00fcckliche schriftliche Genehmigung ist es jedoch untersagt, den Inhalt dieser Seite zu vertreiben, modifizieren, weiterzuleiten oder zu \u00fcberarbeiten. \">However, it is prohibited to distribute, modify, transmit or revise the content of this site without the express written permission.<\/span><\/span><\/p>\n<p><span title=\"Marinedecking S.L.\">Marco Sick <\/span><span title=\"haftet nicht f\u00fcr die Richtigkeit oder Vollst\u00e4ndigkeit des Inhalts dieser oder anderer Seiten, die mit dieser Seite verbunden sind.\">can not be held responsible for the accuracy or completeness of the content of this or any other site associated with this site. <\/span><span title=\"Sie kann nicht f\u00fcr direkten, zuf\u00e4lligen, folgenden, indirekten oder Strafe einschlie\u00dfenden Schadensersatz haftbar gemacht werden, der aus dem Besuch oder der Verwendung des Inhalts dieser oder einer Webseite, die mit dieser verbunden ist, resultiert. \">It can not be held liable for direct, incidental, consequential, consequential, indirect, or punitive damages resulting from visiting or using the contents of this or any website associated therewith.<\/span><\/p>\n<p><span title=\"Marinedecking S.L.\">Marinedecking <\/span><span title=\"und andere Namen, Logos und Marken, die auf dieser Seite erscheinen, sind Markenzeichen, die von Marinedecking S.L.\">and other names, logos and trademarks appearing on this site are trademarks of\u00a0<\/span><span title=\"verwendet werden.\">Marco Sick. <\/span><span title=\"Es ist untersagt, diese Markenzeichen oder jeglichen Inhalt dieser Seite zu verwenden oder zu missbrauchen, ausgenommen der in den Nutzungsbedingungen oder im Zweck der Website vorgesehenen Verwendung.\">It is forbidden to use or misuse these trademarks or any content on this site, except as provided for in the Terms of Use or the purpose of the site.<\/span><\/p>\n<\/div>\n<\/div>\n<\/div>\n<p>[\/et_pb_text][\/et_pb_column][\/et_pb_row][\/et_pb_section]<\/p>\n","protected":false},"excerpt":{"rendered":"<p>Site Notice Marco Sick Marina Cala d&acute;Or Avd. Cala Llonga Porto Cari 2 Local 2 07660 Cala d&oacute;r \/ Mallorca Contact Phone: +34 971 657 467 E-mail: info@marinedecking.de VAT ID Sales tax identification number according to Sect. 27 a of the Sales Tax Law: ES-Y5224992G Dispute resolution proceedings in front of a consumer arbitration board [&hellip;]<\/p>\n","protected":false},"author":1,"featured_media":0,"parent":0,"menu_order":0,"comment_status":"closed","ping_status":"closed","template":"","meta":{"_et_pb_use_builder":"on","_et_pb_old_content":"","_et_gb_content_width":"","footnotes":""},"class_list":["post-197","page","type-page","status-publish","hentry"],"yoast_head":"<!-- This site is optimized with the Yoast SEO plugin v26.2 - https:\/\/yoast.com\/wordpress\/plugins\/seo\/ -->\n<title>Imprint | Marinedecking on Mallorca<\/title>\n<meta name=\"description\" content=\"Here you can find our imprint. Find Marinedecking in the Marina Cala d&#039; Or. Come and visit us and we will show you how we handle the synthetic teak deck.\" \/>\n<meta name=\"robots\" content=\"index, follow, max-snippet:-1, max-image-preview:large, max-video-preview:-1\" \/>\n<link rel=\"canonical\" href=\"https:\/\/tc-marinedecking-mallorca.com\/impressum\/\" \/>\n<meta property=\"og:locale\" content=\"en_US\" \/>\n<meta property=\"og:type\" content=\"article\" \/>\n<meta property=\"og:title\" content=\"Imprint | Marinedecking on Mallorca\" \/>\n<meta property=\"og:description\" content=\"Here you can find our imprint. Find Marinedecking in the Marina Cala d&#039; Or. Come and visit us and we will show you how we handle the synthetic teak deck.\" \/>\n<meta property=\"og:url\" content=\"https:\/\/tc-marinedecking-mallorca.com\/impressum\/\" \/>\n<meta property=\"og:site_name\" content=\"Marinedecking Mallorca\" \/>\n<meta property=\"article:modified_time\" content=\"2025-10-20T09:12:22+00:00\" \/>\n<meta name=\"twitter:card\" content=\"summary_large_image\" \/>\n<meta name=\"twitter:label1\" content=\"Est. reading time\" \/>\n\t<meta name=\"twitter:data1\" content=\"2 minutes\" \/>\n<script type=\"application\/ld+json\" class=\"yoast-schema-graph\">{\"@context\":\"https:\/\/schema.org\",\"@graph\":[{\"@type\":\"WebPage\",\"@id\":\"https:\/\/tc-marinedecking-mallorca.com\/impressum\/\",\"url\":\"https:\/\/tc-marinedecking-mallorca.com\/impressum\/\",\"name\":\"Imprint | Marinedecking on Mallorca\",\"isPartOf\":{\"@id\":\"https:\/\/tc-marinedecking-mallorca.com\/#website\"},\"datePublished\":\"2018-06-18T11:02:34+00:00\",\"dateModified\":\"2025-10-20T09:12:22+00:00\",\"description\":\"Here you can find our imprint. Find Marinedecking in the Marina Cala d' Or. Come and visit us and we will show you how we handle the synthetic teak deck.\",\"breadcrumb\":{\"@id\":\"https:\/\/tc-marinedecking-mallorca.com\/impressum\/#breadcrumb\"},\"inLanguage\":\"en-US\",\"potentialAction\":[{\"@type\":\"ReadAction\",\"target\":[\"https:\/\/tc-marinedecking-mallorca.com\/impressum\/\"]}]},{\"@type\":\"BreadcrumbList\",\"@id\":\"https:\/\/tc-marinedecking-mallorca.com\/impressum\/#breadcrumb\",\"itemListElement\":[{\"@type\":\"ListItem\",\"position\":1,\"name\":\"Home\",\"item\":\"https:\/\/tc-marinedecking-mallorca.com\/en\/\"},{\"@type\":\"ListItem\",\"position\":2,\"name\":\"Imprint\"}]},{\"@type\":\"WebSite\",\"@id\":\"https:\/\/tc-marinedecking-mallorca.com\/#website\",\"url\":\"https:\/\/tc-marinedecking-mallorca.com\/\",\"name\":\"Marinedecking Mallorca\",\"description\":\"Flexiteek | The synthetic teak deck\",\"potentialAction\":[{\"@type\":\"SearchAction\",\"target\":{\"@type\":\"EntryPoint\",\"urlTemplate\":\"https:\/\/tc-marinedecking-mallorca.com\/?s={search_term_string}\"},\"query-input\":{\"@type\":\"PropertyValueSpecification\",\"valueRequired\":true,\"valueName\":\"search_term_string\"}}],\"inLanguage\":\"en-US\"}]}<\/script>\n<!-- \/ Yoast SEO plugin. -->","yoast_head_json":{"title":"Imprint | Marinedecking on Mallorca","description":"Here you can find our imprint. Find Marinedecking in the Marina Cala d' Or. Come and visit us and we will show you how we handle the synthetic teak deck.","robots":{"index":"index","follow":"follow","max-snippet":"max-snippet:-1","max-image-preview":"max-image-preview:large","max-video-preview":"max-video-preview:-1"},"canonical":"https:\/\/tc-marinedecking-mallorca.com\/impressum\/","og_locale":"en_US","og_type":"article","og_title":"Imprint | Marinedecking on Mallorca","og_description":"Here you can find our imprint. Find Marinedecking in the Marina Cala d' Or. Come and visit us and we will show you how we handle the synthetic teak deck.","og_url":"https:\/\/tc-marinedecking-mallorca.com\/impressum\/","og_site_name":"Marinedecking Mallorca","article_modified_time":"2025-10-20T09:12:22+00:00","twitter_card":"summary_large_image","twitter_misc":{"Est. reading time":"2 minutes"},"schema":{"@context":"https:\/\/schema.org","@graph":[{"@type":"WebPage","@id":"https:\/\/tc-marinedecking-mallorca.com\/impressum\/","url":"https:\/\/tc-marinedecking-mallorca.com\/impressum\/","name":"Imprint | Marinedecking on Mallorca","isPartOf":{"@id":"https:\/\/tc-marinedecking-mallorca.com\/#website"},"datePublished":"2018-06-18T11:02:34+00:00","dateModified":"2025-10-20T09:12:22+00:00","description":"Here you can find our imprint. Find Marinedecking in the Marina Cala d' Or. Come and visit us and we will show you how we handle the synthetic teak deck.","breadcrumb":{"@id":"https:\/\/tc-marinedecking-mallorca.com\/impressum\/#breadcrumb"},"inLanguage":"en-US","potentialAction":[{"@type":"ReadAction","target":["https:\/\/tc-marinedecking-mallorca.com\/impressum\/"]}]},{"@type":"BreadcrumbList","@id":"https:\/\/tc-marinedecking-mallorca.com\/impressum\/#breadcrumb","itemListElement":[{"@type":"ListItem","position":1,"name":"Home","item":"https:\/\/tc-marinedecking-mallorca.com\/en\/"},{"@type":"ListItem","position":2,"name":"Imprint"}]},{"@type":"WebSite","@id":"https:\/\/tc-marinedecking-mallorca.com\/#website","url":"https:\/\/tc-marinedecking-mallorca.com\/","name":"Marinedecking Mallorca","description":"Flexiteek | The synthetic teak deck","potentialAction":[{"@type":"SearchAction","target":{"@type":"EntryPoint","urlTemplate":"https:\/\/tc-marinedecking-mallorca.com\/?s={search_term_string}"},"query-input":{"@type":"PropertyValueSpecification","valueRequired":true,"valueName":"search_term_string"}}],"inLanguage":"en-US"}]}},"_links":{"self":[{"href":"https:\/\/tc-marinedecking-mallorca.com\/en\/wp-json\/wp\/v2\/pages\/197","targetHints":{"allow":["GET"]}}],"collection":[{"href":"https:\/\/tc-marinedecking-mallorca.com\/en\/wp-json\/wp\/v2\/pages"}],"about":[{"href":"https:\/\/tc-marinedecking-mallorca.com\/en\/wp-json\/wp\/v2\/types\/page"}],"author":[{"embeddable":true,"href":"https:\/\/tc-marinedecking-mallorca.com\/en\/wp-json\/wp\/v2\/users\/1"}],"replies":[{"embeddable":true,"href":"https:\/\/tc-marinedecking-mallorca.com\/en\/wp-json\/wp\/v2\/comments?post=197"}],"version-history":[{"count":10,"href":"https:\/\/tc-marinedecking-mallorca.com\/en\/wp-json\/wp\/v2\/pages\/197\/revisions"}],"predecessor-version":[{"id":549,"href":"https:\/\/tc-marinedecking-mallorca.com\/en\/wp-json\/wp\/v2\/pages\/197\/revisions\/549"}],"wp:attachment":[{"href":"https:\/\/tc-marinedecking-mallorca.com\/en\/wp-json\/wp\/v2\/media?parent=197"}],"curies":[{"name":"wp","href":"https:\/\/api.w.org\/{rel}","templated":true}]}}